{"id":14179,"date":"2019-10-28T18:05:41","date_gmt":"2019-10-28T17:05:41","guid":{"rendered":"https:\/\/amsterdamguias.com\/tours\/"},"modified":"2025-09-10T20:09:52","modified_gmt":"2025-09-10T18:09:52","slug":"tours-in-amsterdam","status":"publish","type":"page","link":"https:\/\/amsterdamguias.com\/en\/tours-in-amsterdam\/","title":{"rendered":"All Tours in Amsterdam"},"content":{"rendered":"\t\t<div data-elementor-type=\"wp-page\" data-elementor-id=\"14179\" class=\"elementor elementor-14179 elementor-14177\" data-elementor-post-type=\"page\">\n\t\t\t\t\t\t<section class=\"elementor-section elementor-top-section elementor-element elementor-element-cb7579f elementor-section-content-middle elementor-section-full_width elementor-section-height-default elementor-section-height-default\" data-id=\"cb7579f\" data-element_type=\"section\" data-e-type=\"section\" data-settings=\"{&quot;background_background&quot;:&quot;classic&quot;}\">\n\t\t\t\t\t\t\t<div class=\"elementor-background-overlay\"><\/div>\n\t\t\t\t\t\t\t<div class=\"elementor-container elementor-column-gap-default\">\n\t\t\t\t\t<div class=\"elementor-column elementor-col-100 elementor-top-column elementor-element elementor-element-6688361\" data-id=\"6688361\" data-element_type=\"column\" data-e-type=\"column\">\n\t\t\t<div class=\"elementor-widget-wrap elementor-element-populated\">\n\t\t\t\t\t\t\t<\/div>\n\t\t<\/div>\n\t\t\t\t\t<\/div>\n\t\t<\/section>\n\t\t\t\t<section class=\"elementor-section elementor-top-section elementor-element elementor-element-88e8b56 elementor-section-boxed elementor-section-height-default elementor-section-height-default\" data-id=\"88e8b56\" data-element_type=\"section\" data-e-type=\"section\">\n\t\t\t\t\t\t<div class=\"elementor-container elementor-column-gap-default\">\n\t\t\t\t\t<div class=\"elementor-column elementor-col-100 elementor-top-column elementor-element elementor-element-3d43e08\" data-id=\"3d43e08\" data-element_type=\"column\" data-e-type=\"column\">\n\t\t\t<div class=\"elementor-widget-wrap elementor-element-populated\">\n\t\t\t\t\t\t<div class=\"elementor-element elementor-element-d03a562 elementor-widget elementor-widget-html\" data-id=\"d03a562\" data-element_type=\"widget\" data-e-type=\"widget\" data-widget_type=\"html.default\">\n\t\t\t\t<div class=\"elementor-widget-container\">\n\t\t\t\t\t<script type=\"text\/javascript\" src=\"https:\/\/widgets.bokun.io\/assets\/javascripts\/apps\/build\/BokunWidgetsLoader.js?bookingChannelUUID=c2558b24-85f2-4783-96d9-ddbe8817321e\" async><\/script><br>     <br>    <div class=\"bokunWidget\" data-src=\"https:\/\/widgets.bokun.io\/online-sales\/c2558b24-85f2-4783-96d9-ddbe8817321e\/product-list\/14685\"><\/div><br>    <noscript>Please enable javascript in your browser to book<\/noscript><br>\t\t\t\t<\/div>\n\t\t\t\t<\/div>\n\t\t\t\t<div class=\"elementor-element elementor-element-1157c56 elementor-widget elementor-widget-heading\" data-id=\"1157c56\" data-element_type=\"widget\" data-e-type=\"widget\" data-widget_type=\"heading.default\">\n\t\t\t\t<div class=\"elementor-widget-container\">\n\t\t\t\t\t<h2 class=\"elementor-heading-title elementor-size-default\">Amsterdam Tours with Local Guides: Discover the City Like a Local<\/h2>\t\t\t\t<\/div>\n\t\t\t\t<\/div>\n\t\t\t\t<div class=\"elementor-element elementor-element-64ec98e elementor-widget elementor-widget-text-editor\" data-id=\"64ec98e\" data-element_type=\"widget\" data-e-type=\"widget\" data-widget_type=\"text-editor.default\">\n\t\t\t\t<div class=\"elementor-widget-container\">\n\t\t\t\t\t\t\t\t\t<p>Make the most of your time in the Netherlands with one of our small-group tours led by expert guides. Start your trip with a full introduction to Amsterdam and experience the city beyond the surface.<\/p>\n\t\t\t\t\t\t\t\t<\/div>\n\t\t\t\t<\/div>\n\t\t\t\t<div class=\"elementor-element elementor-element-6255d5d elementor-widget elementor-widget-heading\" data-id=\"6255d5d\" data-element_type=\"widget\" data-e-type=\"widget\" data-widget_type=\"heading.default\">\n\t\t\t\t<div class=\"elementor-widget-container\">\n\t\t\t\t\t<h2 class=\"elementor-heading-title elementor-size-default\">What's the best way to explore Amsterdam?<\/h2>\t\t\t\t<\/div>\n\t\t\t\t<\/div>\n\t\t\t\t<div class=\"elementor-element elementor-element-bd79d34 elementor-widget elementor-widget-text-editor\" data-id=\"bd79d34\" data-element_type=\"widget\" data-e-type=\"widget\" data-widget_type=\"text-editor.default\">\n\t\t\t\t<div class=\"elementor-widget-container\">\n\t\t\t\t\t\t\t\t\t<p data-start=\"674\" data-end=\"878\">Amsterdam is made to be explored on foot, by bike or along its iconic canals. That\u2019s why we offer a wide range of city tours and local experiences that show you both the top highlights and hidden corners.<\/p>\n<p data-start=\"880\" data-end=\"985\">They say Amsterdam has more canals than Venice and more bridges than Paris. Come and see it for yourself!<\/p>\n\t\t\t\t\t\t\t\t<\/div>\n\t\t\t\t<\/div>\n\t\t\t\t<div class=\"elementor-element elementor-element-40b5cbb elementor-widget elementor-widget-heading\" data-id=\"40b5cbb\" data-element_type=\"widget\" data-e-type=\"widget\" data-widget_type=\"heading.default\">\n\t\t\t\t<div class=\"elementor-widget-container\">\n\t\t\t\t\t<h2 class=\"elementor-heading-title elementor-size-default\">A different way to explore Amsterdam<\/h2>\t\t\t\t<\/div>\n\t\t\t\t<\/div>\n\t\t\t\t<div class=\"elementor-element elementor-element-b987cb6 elementor-widget elementor-widget-text-editor\" data-id=\"b987cb6\" data-element_type=\"widget\" data-e-type=\"widget\" data-widget_type=\"text-editor.default\">\n\t\t\t\t<div class=\"elementor-widget-container\">\n\t\t\t\t\t\t\t\t\t<p data-start=\"1026\" data-end=\"1231\">Our tours combine local insight, storytelling, a touch of humor and practical tips. Whether you\u2019re walking, cycling or cruising the canals, you\u2019ll enjoy an engaging experience guided in English or Spanish.<\/p>\n<p data-start=\"1233\" data-end=\"1385\">Looking to explore more of the Netherlands? We also offer day trips to other amazing destinations like Rotterdam, The Hague, Zaanse Schans and Volendam.<\/p>\n\t\t\t\t\t\t\t\t<\/div>\n\t\t\t\t<\/div>\n\t\t\t\t<div class=\"elementor-element elementor-element-cab7c02 elementor-widget elementor-widget-heading\" data-id=\"cab7c02\" data-element_type=\"widget\" data-e-type=\"widget\" data-widget_type=\"heading.default\">\n\t\t\t\t<div class=\"elementor-widget-container\">\n\t\t\t\t\t<h2 class=\"elementor-heading-title elementor-size-default\">Private and custom tours in Amsterdam<\/h2>\t\t\t\t<\/div>\n\t\t\t\t<\/div>\n\t\t\t\t<div class=\"elementor-element elementor-element-011e841 elementor-widget elementor-widget-text-editor\" data-id=\"011e841\" data-element_type=\"widget\" data-e-type=\"widget\" data-widget_type=\"text-editor.default\">\n\t\t\t\t<div class=\"elementor-widget-container\">\n\t\t\t\t\t\t\t\t\t<p data-start=\"1430\" data-end=\"1657\">Travelling with family, friends, students or on a company trip? We design tailor-made tours for groups of all sizes. We adapt the route to your interests, pace and budget, always with personal attention and top-quality service.<\/p>\n<p data-start=\"1659\" data-end=\"1740\">From cultural walks to themed or foodie tours \u2014 we\u2019ll make it just right for you.<\/p>\n\t\t\t\t\t\t\t\t<\/div>\n\t\t\t\t<\/div>\n\t\t\t\t<div class=\"elementor-element elementor-element-45928da elementor-widget elementor-widget-heading\" data-id=\"45928da\" data-element_type=\"widget\" data-e-type=\"widget\" data-widget_type=\"heading.default\">\n\t\t\t\t<div class=\"elementor-widget-container\">\n\t\t\t\t\t<h2 class=\"elementor-heading-title elementor-size-default\">Experience Amsterdam through local eyes<\/h2>\t\t\t\t<\/div>\n\t\t\t\t<\/div>\n\t\t\t\t<div class=\"elementor-element elementor-element-8c3b8a0 elementor-widget elementor-widget-text-editor\" data-id=\"8c3b8a0\" data-element_type=\"widget\" data-e-type=\"widget\" data-widget_type=\"text-editor.default\">\n\t\t\t\t<div class=\"elementor-widget-container\">\n\t\t\t\t\t\t\t\t\t<p data-start=\"1787\" data-end=\"2047\">Explore famous landmarks or get off the beaten path.<br data-start=\"1839\" data-end=\"1842\">Admire Dutch masterpieces by Rembrandt and Vermeer, or get inspired by Van Gogh\u2019s bold colors.<br data-start=\"1936\" data-end=\"1939\">Cycle through the parks, sail down the canals, taste street food at the markets or dine at cozy local spots.<\/p>\n<p data-start=\"2049\" data-end=\"2159\">Our guides don\u2019t just show you the city \u2014 they share their insider tips so you can enjoy it like a true local.<\/p>\n\t\t\t\t\t\t\t\t<\/div>\n\t\t\t\t<\/div>\n\t\t\t\t<div class=\"elementor-element elementor-element-956d692 elementor-widget elementor-widget-heading\" data-id=\"956d692\" data-element_type=\"widget\" data-e-type=\"widget\" data-widget_type=\"heading.default\">\n\t\t\t\t<div class=\"elementor-widget-container\">\n\t\t\t\t\t<h2 class=\"elementor-heading-title elementor-size-default\">Amsterdam for every traveler<\/h2>\t\t\t\t<\/div>\n\t\t\t\t<\/div>\n\t\t\t\t<div class=\"elementor-element elementor-element-1c47cae elementor-widget elementor-widget-text-editor\" data-id=\"1c47cae\" data-element_type=\"widget\" data-e-type=\"widget\" data-widget_type=\"text-editor.default\">\n\t\t\t\t<div class=\"elementor-widget-container\">\n\t\t\t\t\t\t\t\t\t<p data-start=\"2195\" data-end=\"2381\">Amsterdam is vibrant, open-minded and full of activities for every age and budget. Whether you&#8217;re travelling solo, as a couple, or with a group, we have the perfect tour waiting for you.<\/p>\n<p data-start=\"2383\" data-end=\"2440\">Start the tour with strangers\u2026<br data-start=\"2413\" data-end=\"2416\">End it with new friends.<\/p>\n\t\t\t\t\t\t\t\t<\/div>\n\t\t\t\t<\/div>\n\t\t\t\t<div class=\"elementor-element elementor-element-ff9d823 elementor-widget elementor-widget-heading\" data-id=\"ff9d823\" data-element_type=\"widget\" data-e-type=\"widget\" data-widget_type=\"heading.default\">\n\t\t\t\t<div class=\"elementor-widget-container\">\n\t\t\t\t\t<h2 class=\"elementor-heading-title elementor-size-default\"><a href=\"https:\/\/amsterdamguias.com\/en\/faq\/\">Frequent Questions<\/a><\/h2>\t\t\t\t<\/div>\n\t\t\t\t<\/div>\n\t\t\t\t<div class=\"elementor-element elementor-element-a985b17 elementor-widget elementor-widget-text-editor\" data-id=\"a985b17\" data-element_type=\"widget\" data-e-type=\"widget\" data-widget_type=\"text-editor.default\">\n\t\t\t\t<div class=\"elementor-widget-container\">\n\t\t\t\t\t\t\t\t\t<section>\n<h3>Where do the tours start?<\/h3>\n<p>All our tours start at central and well-connected locations in the city. In Amsterdam, we usually meet near Central Station or Dam Square, depending on the type of tour. You\u2019ll receive the exact meeting point after booking.<\/p>\n<h3>Where do the tours end?<\/h3>\n<p>Tours usually finish in a central area different from the starting point, but always well connected so you can continue exploring or return easily.<\/p>\n<h3>Can I bring luggage or pets on the tour?<\/h3>\n<p>You may bring small hand luggage. Small dogs are allowed if they are well-behaved (except on boat or bus tours). Please let us know in advance.<\/p>\n<h3>What is the group size on the tour?<\/h3>\n<p>It depends on the tour, but most city tours are designed for small groups of 4 to 12 people. Bus excursions may have larger groups.<\/p>\n<h3>How long is the tour?<\/h3>\n<p>Walking or biking tours last between 2 and 2.5 hours. Boat tours are around 1 to 1.5 hours. Bus excursions can last a full day. Please check the details on each tour page.<\/p>\n<h3>Do tours get canceled if it rains?<\/h3>\n<p>No. Tours only get canceled in case of extreme weather conditions that could affect your safety.<\/p>\n<h3>What is the cancellation policy?<\/h3>\n<p>Most experiences offer free cancellation up to 24 hours before the tour. After that, no refund is available. Please check each tour&#8217;s policy before booking.<\/p>\n<h3>If the tour is canceled, will I get a refund?<\/h3>\n<p>Yes. If we cancel the tour for any reason, you\u2019ll receive a full refund.<\/p>\n<\/section>\n\t\t\t\t\t\t\t\t<\/div>\n\t\t\t\t<\/div>\n\t\t\t\t<div class=\"elementor-element elementor-element-ee79358 elementor-widget elementor-widget-html\" data-id=\"ee79358\" data-element_type=\"widget\" data-e-type=\"widget\" data-widget_type=\"html.default\">\n\t\t\t\t<div class=\"elementor-widget-container\">\n\t\t\t\t\t<script type=\"application\/ld+json\">\n{\n  \"@context\": \"https:\/\/schema.org\",\n  \"@type\": \"FAQPage\",\n  \"mainEntity\": [\n    {\n      \"@type\": \"Question\",\n      \"name\": \"\u00bfD\u00f3nde empiezan los tours?\",\n      \"acceptedAnswer\": {\n        \"@type\": \"Answer\",\n        \"text\": \"Todos nuestros tours comienzan en puntos situados en el centro de la ciudad, accesibles y con buena comunicaci\u00f3n. En \u00c1msterdam, solemos encontrarnos cerca de la Estaci\u00f3n Central o de la Plaza Dam, seg\u00fan el tipo de tour. Recibir\u00e1s la ubicaci\u00f3n exacta al reservar.\"\n      }\n    },\n    {\n      \"@type\": \"Question\",\n      \"name\": \"\u00bfD\u00f3nde acaban los tours?\",\n      \"acceptedAnswer\": {\n        \"@type\": \"Answer\",\n        \"text\": \"Los tours finalizan en lugares c\u00e9ntricos distintos al punto de partida, pero bien conectados para seguir explorando la ciudad o regresar f\u00e1cilmente al punto de partida.\"\n      }\n    },\n    {\n      \"@type\": \"Question\",\n      \"name\": \"\u00bfPuedo llevar equipaje o mascotas al tour?\",\n      \"acceptedAnswer\": {\n        \"@type\": \"Answer\",\n        \"text\": \"Puedes llevar equipaje de mano peque\u00f1o. Aceptamos perros peque\u00f1os si est\u00e1n bien controlados (excepto en los tours en barco o en autob\u00fas). Av\u00edsanos antes de reservar.\"\n      }\n    },\n    {\n      \"@type\": \"Question\",\n      \"name\": \"\u00bfCu\u00e1l es el tama\u00f1o de los grupos en el tour?\",\n      \"acceptedAnswer\": {\n        \"@type\": \"Answer\",\n        \"text\": \"Depende del tour que reserves, pero para los tours por la ciudad, nuestros grupos suelen ser de entre 4 y 12 personas, dependiendo del tipo de tour. Mientras que las excursiones en autob\u00fas, el grupo es mayor.\"\n      }\n    },\n    {\n      \"@type\": \"Question\",\n      \"name\": \"\u00bfCu\u00e1nto dura el tour?\",\n      \"acceptedAnswer\": {\n        \"@type\": \"Answer\",\n        \"text\": \"Entre 2 y 2,5 horas para los tours a pie o en bicicleta. 1\/1,5 horas los paseos en barco. Mientras que las excursiones en autob\u00fas pueden llegar a durar el d\u00eda completo. Revisa la informaci\u00f3n de cada tour para conocer la duraci\u00f3n exacta.\"\n      }\n    },\n    {\n      \"@type\": \"Question\",\n      \"name\": \"\u00bfSe cancelan los tours si llueve?\",\n      \"acceptedAnswer\": {\n        \"@type\": \"Answer\",\n        \"text\": \"No. Solo se cancelan si el clima representa un riesgo para tu seguridad.\"\n      }\n    },\n    {\n      \"@type\": \"Question\",\n      \"name\": \"\u00bfCu\u00e1l es la pol\u00edtica de cancelaci\u00f3n?\",\n      \"acceptedAnswer\": {\n        \"@type\": \"Answer\",\n        \"text\": \"La mayor\u00eda de las experiencias tienen cancelaci\u00f3n gratuita hasta 24\u202fh antes del tour. Luego no hay reembolso. Revisa la pol\u00edtica de cancelaci\u00f3n de cada tour antes de reservar.\"\n      }\n    },\n    {\n      \"@type\": \"Question\",\n      \"name\": \"\u00bfSi se cancela el tour me devuelven el dinero?\",\n      \"acceptedAnswer\": {\n        \"@type\": \"Answer\",\n        \"text\": \"S\u00ed. Si cancelamos el tour nosotros por alguna raz\u00f3n, recibir\u00e1s el reembolso completo.\"\n      }\n    }\n  ]\n}\n<\/script>\n\t\t\t\t<\/div>\n\t\t\t\t<\/div>\n\t\t\t\t\t<\/div>\n\t\t<\/div>\n\t\t\t\t\t<\/div>\n\t\t<\/section>\n\t\t\t\t<\/div>\n\t\t","protected":false},"excerpt":{"rendered":"<p>Please enable javascript in your browser to book Amsterdam Tours with Local Guides: Discover the City Like a Local Make the most of your time in the Netherlands with one of our small-group tours led by expert guides. Start your trip with a full introduction to Amsterdam and experience the city beyond the surface. What&#8217;s [&hellip;]<\/p>\n","protected":false},"author":7,"featured_media":14541,"parent":0,"menu_order":26,"comment_status":"closed","ping_status":"closed","template":"elementor_header_footer","meta":{"_joinchat":[],"footnotes":""},"class_list":["post-14179","page","type-page","status-publish","has-post-thumbnail","hentry"],"yoast_head":"<!-- This site is optimized with the Yoast SEO plugin v27.3 - https:\/\/yoast.com\/product\/yoast-seo-wordpress\/ -->\n<title>Tours in Amsterdam | Amsterdam Guides and Tours<\/title>\n<meta name=\"description\" content=\"Amsterdam Guides &amp; Tours, the best way to discover Amsterdam in Spanish. Discover all our tours in Amsterdam and organize your holiday.\" \/>\n<meta name=\"robots\" content=\"index, follow, max-snippet:-1, max-image-preview:large, max-video-preview:-1\" \/>\n<link rel=\"canonical\" href=\"https:\/\/amsterdamguias.com\/tours-amsterdam\/\" \/>\n<meta property=\"og:locale\" content=\"en_US\" \/>\n<meta property=\"og:type\" content=\"article\" \/>\n<meta property=\"og:title\" content=\"Tours in Amsterdam | Amsterdam Guides and Tours\" \/>\n<meta property=\"og:description\" content=\"Amsterdam Guides &amp; Tours, the best way to discover Amsterdam in Spanish. Discover all our tours in Amsterdam and organize your holiday.\" \/>\n<meta property=\"og:url\" content=\"https:\/\/amsterdamguias.com\/tours-amsterdam\/\" \/>\n<meta property=\"og:site_name\" content=\"Amsterdam Gu\u00edas and Tours\" \/>\n<meta property=\"article:publisher\" content=\"https:\/\/www.facebook.com\/amsterdamguias\/\" \/>\n<meta property=\"article:modified_time\" content=\"2025-09-10T18:09:52+00:00\" \/>\n<meta property=\"og:image\" content=\"https:\/\/amsterdamguias.com\/wp-content\/uploads\/2024\/01\/tours-por-amsterdam.webp\" \/>\n<meta name=\"twitter:card\" content=\"summary_large_image\" \/>\n<meta name=\"twitter:image\" content=\"https:\/\/amsterdamguias.com\/wp-content\/uploads\/2024\/01\/tours-por-amsterdam.webp\" \/>\n<meta name=\"twitter:site\" content=\"@amsterdamguias\" \/>\n<meta name=\"twitter:label1\" content=\"Est. reading time\" \/>\n\t<meta name=\"twitter:data1\" content=\"3 minutes\" \/>\n<script type=\"application\/ld+json\" class=\"yoast-schema-graph\">{\"@context\":\"https:\\\/\\\/schema.org\",\"@graph\":[{\"@type\":\"WebPage\",\"@id\":\"https:\\\/\\\/amsterdamguias.com\\\/tours-amsterdam\\\/\",\"url\":\"https:\\\/\\\/amsterdamguias.com\\\/tours-amsterdam\\\/\",\"name\":\"Tours in Amsterdam | Amsterdam Guides and Tours\",\"isPartOf\":{\"@id\":\"https:\\\/\\\/amsterdamguias.com\\\/#website\"},\"primaryImageOfPage\":{\"@id\":\"https:\\\/\\\/amsterdamguias.com\\\/tours-amsterdam\\\/#primaryimage\"},\"image\":{\"@id\":\"https:\\\/\\\/amsterdamguias.com\\\/tours-amsterdam\\\/#primaryimage\"},\"thumbnailUrl\":\"https:\\\/\\\/amsterdamguias.com\\\/wp-content\\\/uploads\\\/2019\\\/11\\\/slider-portada-amsterdam-2.jpg\",\"datePublished\":\"2019-10-28T17:05:41+00:00\",\"dateModified\":\"2025-09-10T18:09:52+00:00\",\"description\":\"Amsterdam Guides & Tours, the best way to discover Amsterdam in Spanish. Discover all our tours in Amsterdam and organize your holiday.\",\"breadcrumb\":{\"@id\":\"https:\\\/\\\/amsterdamguias.com\\\/tours-amsterdam\\\/#breadcrumb\"},\"inLanguage\":\"en-US\",\"potentialAction\":[{\"@type\":\"ReadAction\",\"target\":[\"https:\\\/\\\/amsterdamguias.com\\\/tours-amsterdam\\\/\"]}]},{\"@type\":\"ImageObject\",\"inLanguage\":\"en-US\",\"@id\":\"https:\\\/\\\/amsterdamguias.com\\\/tours-amsterdam\\\/#primaryimage\",\"url\":\"https:\\\/\\\/amsterdamguias.com\\\/wp-content\\\/uploads\\\/2019\\\/11\\\/slider-portada-amsterdam-2.jpg\",\"contentUrl\":\"https:\\\/\\\/amsterdamguias.com\\\/wp-content\\\/uploads\\\/2019\\\/11\\\/slider-portada-amsterdam-2.jpg\",\"width\":1600,\"height\":934,\"caption\":\"Tours in Amsterdam\"},{\"@type\":\"BreadcrumbList\",\"@id\":\"https:\\\/\\\/amsterdamguias.com\\\/tours-amsterdam\\\/#breadcrumb\",\"itemListElement\":[{\"@type\":\"ListItem\",\"position\":1,\"name\":\"Home\",\"item\":\"https:\\\/\\\/amsterdamguias.com\\\/\"},{\"@type\":\"ListItem\",\"position\":2,\"name\":\"All Tours in Amsterdam\"}]},{\"@type\":\"WebSite\",\"@id\":\"https:\\\/\\\/amsterdamguias.com\\\/#website\",\"url\":\"https:\\\/\\\/amsterdamguias.com\\\/\",\"name\":\"Amsterdam Gu\u00edas and Tours\",\"description\":\"Los mejores tours y tickets en Amsterdam. Reserva ahora tu tour en \u00c1msterdam!\",\"publisher\":{\"@id\":\"https:\\\/\\\/amsterdamguias.com\\\/#organization\"},\"potentialAction\":[{\"@type\":\"SearchAction\",\"target\":{\"@type\":\"EntryPoint\",\"urlTemplate\":\"https:\\\/\\\/amsterdamguias.com\\\/?s={search_term_string}\"},\"query-input\":{\"@type\":\"PropertyValueSpecification\",\"valueRequired\":true,\"valueName\":\"search_term_string\"}}],\"inLanguage\":\"en-US\"},{\"@type\":\"Organization\",\"@id\":\"https:\\\/\\\/amsterdamguias.com\\\/#organization\",\"name\":\"Amsterdam Gu\u00edas & Tours\",\"url\":\"https:\\\/\\\/amsterdamguias.com\\\/\",\"logo\":{\"@type\":\"ImageObject\",\"inLanguage\":\"en-US\",\"@id\":\"https:\\\/\\\/amsterdamguias.com\\\/#\\\/schema\\\/logo\\\/image\\\/\",\"url\":\"https:\\\/\\\/amsterdamguias.com\\\/wp-content\\\/uploads\\\/2022\\\/03\\\/Logo-AGT-amsterdam_esp.jpg\",\"contentUrl\":\"https:\\\/\\\/amsterdamguias.com\\\/wp-content\\\/uploads\\\/2022\\\/03\\\/Logo-AGT-amsterdam_esp.jpg\",\"width\":1181,\"height\":1181,\"caption\":\"Amsterdam Gu\u00edas & Tours\"},\"image\":{\"@id\":\"https:\\\/\\\/amsterdamguias.com\\\/#\\\/schema\\\/logo\\\/image\\\/\"},\"sameAs\":[\"https:\\\/\\\/www.facebook.com\\\/amsterdamguias\\\/\",\"https:\\\/\\\/x.com\\\/amsterdamguias\",\"https:\\\/\\\/www.instagram.com\\\/amsterdamguias\\\/\",\"https:\\\/\\\/www.linkedin.com\\\/company\\\/amsterdam-gu\u00edas-tours\",\"https:\\\/\\\/www.youtube.com\\\/channel\\\/UCZk3bP991BpbU5hXyqwT7yQ\",\"https:\\\/\\\/www.pinterest.es\\\/guiasytours\\\/\",\"https:\\\/\\\/www.tiktok.com\\\/@guiasytours\"]}]}<\/script>\n<!-- \/ Yoast SEO plugin. -->","yoast_head_json":{"title":"Tours in Amsterdam | Amsterdam Guides and Tours","description":"Amsterdam Guides & Tours, the best way to discover Amsterdam in Spanish. Discover all our tours in Amsterdam and organize your holiday.","robots":{"index":"index","follow":"follow","max-snippet":"max-snippet:-1","max-image-preview":"max-image-preview:large","max-video-preview":"max-video-preview:-1"},"canonical":"https:\/\/amsterdamguias.com\/tours-amsterdam\/","og_locale":"en_US","og_type":"article","og_title":"Tours in Amsterdam | Amsterdam Guides and Tours","og_description":"Amsterdam Guides & Tours, the best way to discover Amsterdam in Spanish. Discover all our tours in Amsterdam and organize your holiday.","og_url":"https:\/\/amsterdamguias.com\/tours-amsterdam\/","og_site_name":"Amsterdam Gu\u00edas and Tours","article_publisher":"https:\/\/www.facebook.com\/amsterdamguias\/","article_modified_time":"2025-09-10T18:09:52+00:00","og_image":[{"url":"https:\/\/amsterdamguias.com\/wp-content\/uploads\/2024\/01\/tours-por-amsterdam.webp","type":"","width":"","height":""}],"twitter_card":"summary_large_image","twitter_image":"https:\/\/amsterdamguias.com\/wp-content\/uploads\/2024\/01\/tours-por-amsterdam.webp","twitter_site":"@amsterdamguias","twitter_misc":{"Est. reading time":"3 minutes"},"schema":{"@context":"https:\/\/schema.org","@graph":[{"@type":"WebPage","@id":"https:\/\/amsterdamguias.com\/tours-amsterdam\/","url":"https:\/\/amsterdamguias.com\/tours-amsterdam\/","name":"Tours in Amsterdam | Amsterdam Guides and Tours","isPartOf":{"@id":"https:\/\/amsterdamguias.com\/#website"},"primaryImageOfPage":{"@id":"https:\/\/amsterdamguias.com\/tours-amsterdam\/#primaryimage"},"image":{"@id":"https:\/\/amsterdamguias.com\/tours-amsterdam\/#primaryimage"},"thumbnailUrl":"https:\/\/amsterdamguias.com\/wp-content\/uploads\/2019\/11\/slider-portada-amsterdam-2.jpg","datePublished":"2019-10-28T17:05:41+00:00","dateModified":"2025-09-10T18:09:52+00:00","description":"Amsterdam Guides & Tours, the best way to discover Amsterdam in Spanish. Discover all our tours in Amsterdam and organize your holiday.","breadcrumb":{"@id":"https:\/\/amsterdamguias.com\/tours-amsterdam\/#breadcrumb"},"inLanguage":"en-US","potentialAction":[{"@type":"ReadAction","target":["https:\/\/amsterdamguias.com\/tours-amsterdam\/"]}]},{"@type":"ImageObject","inLanguage":"en-US","@id":"https:\/\/amsterdamguias.com\/tours-amsterdam\/#primaryimage","url":"https:\/\/amsterdamguias.com\/wp-content\/uploads\/2019\/11\/slider-portada-amsterdam-2.jpg","contentUrl":"https:\/\/amsterdamguias.com\/wp-content\/uploads\/2019\/11\/slider-portada-amsterdam-2.jpg","width":1600,"height":934,"caption":"Tours in Amsterdam"},{"@type":"BreadcrumbList","@id":"https:\/\/amsterdamguias.com\/tours-amsterdam\/#breadcrumb","itemListElement":[{"@type":"ListItem","position":1,"name":"Home","item":"https:\/\/amsterdamguias.com\/"},{"@type":"ListItem","position":2,"name":"All Tours in Amsterdam"}]},{"@type":"WebSite","@id":"https:\/\/amsterdamguias.com\/#website","url":"https:\/\/amsterdamguias.com\/","name":"Amsterdam Gu\u00edas and Tours","description":"Los mejores tours y tickets en Amsterdam. Reserva ahora tu tour en \u00c1msterdam!","publisher":{"@id":"https:\/\/amsterdamguias.com\/#organization"},"potentialAction":[{"@type":"SearchAction","target":{"@type":"EntryPoint","urlTemplate":"https:\/\/amsterdamguias.com\/?s={search_term_string}"},"query-input":{"@type":"PropertyValueSpecification","valueRequired":true,"valueName":"search_term_string"}}],"inLanguage":"en-US"},{"@type":"Organization","@id":"https:\/\/amsterdamguias.com\/#organization","name":"Amsterdam Gu\u00edas & Tours","url":"https:\/\/amsterdamguias.com\/","logo":{"@type":"ImageObject","inLanguage":"en-US","@id":"https:\/\/amsterdamguias.com\/#\/schema\/logo\/image\/","url":"https:\/\/amsterdamguias.com\/wp-content\/uploads\/2022\/03\/Logo-AGT-amsterdam_esp.jpg","contentUrl":"https:\/\/amsterdamguias.com\/wp-content\/uploads\/2022\/03\/Logo-AGT-amsterdam_esp.jpg","width":1181,"height":1181,"caption":"Amsterdam Gu\u00edas & Tours"},"image":{"@id":"https:\/\/amsterdamguias.com\/#\/schema\/logo\/image\/"},"sameAs":["https:\/\/www.facebook.com\/amsterdamguias\/","https:\/\/x.com\/amsterdamguias","https:\/\/www.instagram.com\/amsterdamguias\/","https:\/\/www.linkedin.com\/company\/amsterdam-gu\u00edas-tours","https:\/\/www.youtube.com\/channel\/UCZk3bP991BpbU5hXyqwT7yQ","https:\/\/www.pinterest.es\/guiasytours\/","https:\/\/www.tiktok.com\/@guiasytours"]}]}},"_links":{"self":[{"href":"https:\/\/amsterdamguias.com\/en\/wp-json\/wp\/v2\/pages\/14179","targetHints":{"allow":["GET"]}}],"collection":[{"href":"https:\/\/amsterdamguias.com\/en\/wp-json\/wp\/v2\/pages"}],"about":[{"href":"https:\/\/amsterdamguias.com\/en\/wp-json\/wp\/v2\/types\/page"}],"author":[{"embeddable":true,"href":"https:\/\/amsterdamguias.com\/en\/wp-json\/wp\/v2\/users\/7"}],"replies":[{"embeddable":true,"href":"https:\/\/amsterdamguias.com\/en\/wp-json\/wp\/v2\/comments?post=14179"}],"version-history":[{"count":0,"href":"https:\/\/amsterdamguias.com\/en\/wp-json\/wp\/v2\/pages\/14179\/revisions"}],"wp:featuredmedia":[{"embeddable":true,"href":"https:\/\/amsterdamguias.com\/en\/wp-json\/wp\/v2\/media\/14541"}],"wp:attachment":[{"href":"https:\/\/amsterdamguias.com\/en\/wp-json\/wp\/v2\/media?parent=14179"}],"curies":[{"name":"wp","href":"https:\/\/api.w.org\/{rel}","templated":true}]}}